{"id":300,"date":"2015-09-17T09:45:21","date_gmt":"2015-09-17T09:45:21","guid":{"rendered":"http:\/\/sitless.eu\/?page_id=300"},"modified":"2017-12-14T09:49:03","modified_gmt":"2017-12-14T09:49:03","slug":"sitless-meetings","status":"publish","type":"page","link":"https:\/\/sitless.eu\/index.php\/sitless-meetings\/","title":{"rendered":"SITLESS Consortium Meetings"},"content":{"rendered":"<h4>First meeting<\/h4>\n<p><strong>Location:<\/strong> Barcelona (FSIE)<\/p>\n<p><strong>Date:<\/strong> 7-8 May 2015<\/p>\n<p><strong>Attendees consortium:<\/strong><\/p>\n<p>FSIE: Antoni Salv\u00e0, Laura Coll, Marta Roqu\u00e9, Sergi Blancafort, \u00c0lex Domingo<\/p>\n<p>FB\u00a0: Maria Gin\u00e9, M\u00edriam Guerra<\/p>\n<p>QUB: Mark Tully, Frank Kee<\/p>\n<p>SDU: Paolo Caserotti, Mathias Skj\u00f8dt<\/p>\n<p>UULM\u00a0:\u00a0Michael Denkinger, Katrin F\u00e4hling, Dietrich Rothenbacher, Katharina Wirth<\/p>\n<p>Sielbleu\u00a0: Guillaume Lefebvre, Assia Haffaf<\/p>\n<p>UG\u00a0: Emma McIntosh<\/p>\n<p><strong>Invited speakers:<\/strong><\/p>\n<p>EGERA\u00a0: Maribel Ponferrada, Laura Duarte (UAB)<\/p>\n<hr \/>\n<h4>Second meeting<\/h4>\n<p><strong>Location:<\/strong> Belfast &#8211; (QUB)<\/p>\n<p><strong>Date:<\/strong> 2-4 December 2015<\/p>\n<p><strong>Attendees consortium:<\/strong><\/p>\n<p>FSIE: Antoni Salv\u00e0, Laura Coll, Sergi Blancafort, Marta Roqu\u00e9, \u00c0lex Domingo<\/p>\n<p>FB\u00a0: Maria Gin\u00e9, M\u00edriam Guerra, Carme Mart\u00edn<\/p>\n<p>QUB: Mark Tully, Frank Kee, Jason Wilson<\/p>\n<p>SDU: Paolo Caserotti, Mathias Skj\u00f8dt<\/p>\n<p>UULM\u00a0:\u00a0 Dietrich Rochenbacher, \u00a0Katharina Wirth, Sabine Governo<\/p>\n<p>Sielbleu\u00a0: Guillaume Lefebvre, Denise Gonz\u00e1lez<\/p>\n<p>UG\u00a0: Emma McIntosh (only the 2<sup>nd<\/sup>)<\/p>\n<p><strong>Advisory Board:<\/strong><\/p>\n<p>Jenny Havn (Denmark)<\/p>\n<p>Tessa Lind Gj\u00f8densen (Denmark)<\/p>\n<p>Jordi Artigas (Spain)<\/p>\n<p>Kim Kensitt (Belfast)<\/p>\n<p>Claire Neil\u00a0(Belfast)<\/p>\n<p>Ashley Agus\u00a0(Belfast)<\/p>\n<p><strong>Self-Management-Strategies (SMS)\u00a0training:<\/strong><\/p>\n<p>FSIE: Sergi Blancafort<\/p>\n<p>FB\u00a0: Carme Mart\u00edn<\/p>\n<p>QUB: Mark Tully, Jason Wilson<\/p>\n<p>SDU: Paolo Caserotti, Mathias Skj\u00f8dt, Nikolaj Helk<\/p>\n<p>UULM\u00a0:\u00a0Katharina Wirth, Sabine Governo<\/p>\n<hr \/>\n<h4>Third Meeting<\/h4>\n<p>Location: Odense (SDU)<\/p>\n<p>Date: 21. &amp; 22. June 2016<\/p>\n<p><strong><u>Attendees consortium:<\/u><\/strong><\/p>\n<p>FSIE: Antoni Salv\u00e0, Laura Coll, Marta Roqu\u00e9, \u00c0lex Domingo<\/p>\n<p>FB: Maria Gin\u00e9, M\u00edriam Guerra, Carme Mart\u00edn<\/p>\n<p>QUB: Jason Wilson<\/p>\n<p>SDU: Paolo Caserotti, Mathias Skj\u00f8dt, Nikolaj Helk<\/p>\n<p>UULM: Michael Denkinger, Katharina Wirth<\/p>\n<p>Sielbleu:, Denise Gonz\u00e1lez<\/p>\n<p>UG: Manuela Deidda<\/p>\n<hr \/>\n<h4>Fourth\u00a0meeting<\/h4>\n<p><strong>Location:<\/strong>\u00a0Ulm<\/p>\n<p><strong>Date:<\/strong>\u00a029-30\u00a0November\u00a02016<\/p>\n<p><strong>Attendees consortium:<\/strong><\/p>\n<p>FSIE: Antoni Salv\u00e0, Laura Coll, Marta Roqu\u00e9, \u00c0lex Domingo<\/p>\n<p>FB: Maria Gin\u00e9, M\u00edriam Guerra<\/p>\n<p>QUB: Nicole Blackburn, Mark Tully, Jason Wilson<\/p>\n<p>SDU: Paolo Caserotti, Mathias Skj\u00f8dt<\/p>\n<p>UULM: Dhayana Dallmeier, Michael Denkinger, Dietrich Rothenbacher, Katharina Wirth<\/p>\n<p>Sielbleu:, Denise Gonz\u00e1lez, Guillaume Lefebvre,<\/p>\n<p>UG: Manuela Deidda, Emma McIntosh<\/p>\n<p><strong>Advisory Board:<\/strong><\/p>\n<p>Carmen Cabeas (Barcelona)<\/p>\n<p>Rachel O\u2019reilly (Belfast)<\/p>\n<p>Jenny Havn (Denmark)<\/p>\n<p>Ulm AB members (Ulm)<\/p>\n<hr \/>\n<h4>Fifth meeting<\/h4>\n<p><strong>Location:<\/strong>\u00a0Barcelona<\/p>\n<p><strong>Date:<\/strong>\u00a08-9 June 2017<\/p>\n<p><strong>Attendees consortium:<\/strong><\/p>\n<p>FSIE: Antoni Salv\u00e0, Laura Coll, Marta Roqu\u00e9, \u00c0lex Domingo,\u00a0Sergi Blancafort<\/p>\n<p>FB: Maria Gin\u00e9, M\u00edriam Guerra,\u00a0Javier Jerez,\u00a0Oriol Sansano, Marta Santiago, Guillermo Varela<\/p>\n<p>QUB: Nicole Blackburn, Mark Tully, Jason Wilson<\/p>\n<p>SDU: Paolo Caserotti, Mathias Skj\u00f8dt<\/p>\n<p>UULM: Dietrich Rothenbacher, Katharina Wirth<\/p>\n<p>Sielbleu:, Denise Gonz\u00e1lez, Paula Schell,\u00a0G\u00f6ksu Savtekin<\/p>\n<p>UG: Manuela Deidda<\/p>\n<hr \/>\n<h4>Sixth meeting<\/h4>\n<p><strong>Location:<\/strong>\u00a0Barcelona<\/p>\n<p><strong>Date:<\/strong>\u00a030 november to 1 december 2017<\/p>\n<p><strong>Attendees consortium:<\/strong><\/p>\n<p>FSIE: Laura Coll, Marta Roqu\u00e9, \u00c0lex Domingo,\u00a0Sergi Blancafort<\/p>\n<p>FB: Maria Gin\u00e9-Garriga, Carme Martin, Marta Santiago, Guillermo Varela, Javier Jerez<\/p>\n<p>QUB: Nicole Blackburn, Nichola Laird, Mark Tully, Jason Wilson,<\/p>\n<p>SDU: Paolo Caserotti, Mathias Skj\u00f8dt<\/p>\n<p>UULM: Michael Denkinger, Katharina Wirth<\/p>\n<p>Sielbleu:\u00a0Denise Gonz\u00e1lez, Guillaume Lefebvre, G\u00f6ksu Savtekin, Pauline Schell<\/p>\n<p>UG: Manuela Deidda, Emma McIntosh<\/p>\n<p><strong><u>Advisory Board members:<\/u><\/strong><\/p>\n<p>Barcelona: Carmen Cabezas, Mario Cugat, Helena M Hern\u00e1ndez Pizarro, Marta Navarro, Marco Inzitari, Merc\u00e8 Mas<\/p>\n<p>Ulm: &#8211;<\/p>\n<p>Odense: Jenny Havn<\/p>\n<p>Belfast: &#8211;<\/p>\n","protected":false},"excerpt":{"rendered":"<p>First meeting Location: Barcelona (FSIE) Date: 7-8 May 2015 Attendees consortium: FSIE: Antoni Salv\u00e0, Laura Coll, Marta Roqu\u00e9, Sergi Blancafort, \u00c0lex Domingo FB\u00a0: Maria Gin\u00e9, M\u00edriam Guerra QUB: Mark Tully, Frank Kee SDU: Paolo Caserotti, Mathias Skj\u00f8dt UULM\u00a0:\u00a0Michael Denkinger, Katrin<a class=\"more-link\" href=\"https:\/\/sitless.eu\/index.php\/sitless-meetings\/\"><span>Read more<\/span><\/a><\/p>\n","protected":false},"author":1,"featured_media":0,"parent":0,"menu_order":0,"comment_status":"closed","ping_status":"closed","template":"","meta":{"footnotes":""},"class_list":["post-300","page","type-page","status-publish","hentry"],"_links":{"self":[{"href":"https:\/\/sitless.eu\/index.php\/wp-json\/wp\/v2\/pages\/300","targetHints":{"allow":["GET"]}}],"collection":[{"href":"https:\/\/sitless.eu\/index.php\/wp-json\/wp\/v2\/pages"}],"about":[{"href":"https:\/\/sitless.eu\/index.php\/wp-json\/wp\/v2\/types\/page"}],"author":[{"embeddable":true,"href":"https:\/\/sitless.eu\/index.php\/wp-json\/wp\/v2\/users\/1"}],"replies":[{"embeddable":true,"href":"https:\/\/sitless.eu\/index.php\/wp-json\/wp\/v2\/comments?post=300"}],"version-history":[{"count":18,"href":"https:\/\/sitless.eu\/index.php\/wp-json\/wp\/v2\/pages\/300\/revisions"}],"predecessor-version":[{"id":657,"href":"https:\/\/sitless.eu\/index.php\/wp-json\/wp\/v2\/pages\/300\/revisions\/657"}],"wp:attachment":[{"href":"https:\/\/sitless.eu\/index.php\/wp-json\/wp\/v2\/media?parent=300"}],"curies":[{"name":"wp","href":"https:\/\/api.w.org\/{rel}","templated":true}]}}